{"id":3094,"date":"2025-12-03T01:05:09","date_gmt":"2025-12-03T01:05:09","guid":{"rendered":"https:\/\/homecarenowllc.com\/?page_id=3094"},"modified":"2025-12-03T01:50:59","modified_gmt":"2025-12-03T01:50:59","slug":"hharesources","status":"publish","type":"page","link":"https:\/\/homecarenowllc.com\/es\/hharesources\/","title":{"rendered":"Recursos para HHA"},"content":{"rendered":"<div class=\"fusion-fullwidth fullwidth-box fusion-builder-row-1 fusion-flex-container has-pattern-background has-mask-background nonhundred-percent-fullwidth non-hundred-percent-height-scrolling\" style=\"--link_hover_color: var(--awb-color4);--link_color: var(--awb-color5);--awb-background-position:left top;--awb-border-sizes-top:0px;--awb-border-sizes-bottom:0px;--awb-border-sizes-left:0px;--awb-border-sizes-right:0px;--awb-border-radius-top-left:0px;--awb-border-radius-top-right:0px;--awb-border-radius-bottom-right:0px;--awb-border-radius-bottom-left:0px;--awb-padding-top:130px;--awb-padding-bottom:130px;--awb-padding-top-medium:90px;--awb-padding-bottom-medium:90px;--awb-margin-bottom-medium:0px;--awb-background-color:var(--awb-color1);--awb-flex-wrap:wrap;\" ><div class=\"fusion-builder-row fusion-row fusion-flex-align-items-flex-start fusion-flex-justify-content-center fusion-flex-content-wrap\" style=\"max-width:calc( 1200px + 80px );margin-left: calc(-80px \/ 2 );margin-right: calc(-80px \/ 2 );\"><div class=\"fusion-layout-column fusion_builder_column fusion-builder-column-0 fusion_builder_column_2_3 2_3 fusion-flex-column\" style=\"--awb-bg-size:cover;--awb-width-large:66.666666666667%;--awb-margin-top-large:0px;--awb-spacing-right-large:40px;--awb-margin-bottom-large:0px;--awb-spacing-left-large:40px;--awb-width-medium:60%;--awb-order-medium:0;--awb-spacing-right-medium:40px;--awb-spacing-left-medium:40px;--awb-width-small:100%;--awb-order-small:0;--awb-spacing-right-small:40px;--awb-margin-bottom-small:50px;--awb-spacing-left-small:40px;\"><div class=\"fusion-column-wrapper fusion-column-has-shadow fusion-flex-justify-content-flex-start fusion-content-layout-column\"><div class=\"fusion-title title fusion-title-1 fusion-sep-none fusion-title-text fusion-title-size-two\" style=\"--awb-text-color:var(--awb-color8);--awb-margin-bottom:20px;--awb-margin-top-small:10px;--awb-margin-right-small:0px;--awb-margin-bottom-small:10px;--awb-margin-left-small:0px;\"><h2 class=\"fusion-title-heading title-heading-left\" style=\"margin:0;\">Bienvenidos a Nuestros Recursos para Asistentes de Cuidado en el Hogar (HHA)<\/h2><\/div><div class=\"fusion-text fusion-text-1\"><p data-start=\"76\" data-end=\"522\">Esta secci\u00f3n est\u00e1 dise\u00f1ada para brindar a nuestros Asistentes de Cuidado en el Hogar acceso r\u00e1pido a las herramientas, documentos y capacitaciones esenciales que necesitan para destacar en sus funciones. Todo est\u00e1 organizado para ayudarte a mantener el cumplimiento, estar informado y estar completamente preparado para ofrecer un cuidado excepcional.<\/p>\n<p data-start=\"524\" data-end=\"634\">Si necesitas apoyo adicional o tienes preguntas sobre cualquiera de los recursos, nuestro equipo siempre est\u00e1 listo para ayudarte.<\/p>\n<\/div><ul style=\"--awb-line-height:27.2px;--awb-icon-width:27.2px;--awb-icon-height:27.2px;--awb-icon-margin:11.2px;--awb-content-margin:38.4px;--awb-circlecolor:var(--awb-color5);--awb-circle-yes-font-size:14.08px;\" class=\"fusion-checklist fusion-checklist-1 fusion-checklist-default type-icons\"><li class=\"fusion-li-item\" style=\"\"><span class=\"icon-wrapper circle-yes\"><i class=\"fusion-li-icon fa-check fas\" aria-hidden=\"true\"><\/i><\/span><div class=\"fusion-li-item-content\">\n<p><a href=\"https:\/\/www.cmfgroup.com\/\" target=\"_blank\" rel=\"noopener\">Professional Liability Insurance<\/a><\/p>\n<\/div><\/li><li class=\"fusion-li-item\" style=\"\"><span class=\"icon-wrapper circle-yes\"><i class=\"fusion-li-icon fa-check fas\" aria-hidden=\"true\"><\/i><\/span><div class=\"fusion-li-item-content\">\n<p><a href=\"https:\/\/www.rn.org\/\" target=\"_blank\" rel=\"noopener\">RN CEUs \/ CEU for Nurses \/ Free Nursing CEUs<\/a><\/p>\n<\/div><\/li><li class=\"fusion-li-item\" style=\"\"><span class=\"icon-wrapper circle-yes\"><i class=\"fusion-li-icon fa-check fas\" aria-hidden=\"true\"><\/i><\/span><div class=\"fusion-li-item-content\">\n<p><a href=\"https:\/\/elderaffairs.org\/adrd-training\/one-hour-training\/\" target=\"_blank\" rel=\"noopener\">alzheimer&#8217;s: ONE-HOUR TRAINING &#8211; DOEA<\/a><\/p>\n<\/div><\/li><\/ul><div class=\"fusion-text fusion-text-2\" style=\"--awb-margin-top:30px;\"><p>Si tiene preguntas adicionales o necesita m\u00e1s asistencia, no dude en comunicarse con nosotros. Nuestro equipo dedicado siempre est\u00e1 aqu\u00ed para guiarlo y apoyarlo. Su tranquilidad es nuestra prioridad.<\/p>\n<\/div><div ><a class=\"fusion-button button-flat fusion-button-default-size button-default fusion-button-default button-1 fusion-button-default-span fusion-button-default-type\" target=\"_self\" href=\"https:\/\/homecarenowllc.com\/es\/contact\/\"><span class=\"fusion-button-text awb-button__text awb-button__text--default\">Cont\u00e1ctanos<\/span><\/a><\/div><\/div><\/div><div class=\"fusion-layout-column fusion_builder_column fusion-builder-column-1 awb-sticky awb-sticky-small awb-sticky-medium awb-sticky-large fusion_builder_column_1_3 1_3 fusion-flex-column fusion-animated\" style=\"--awb-bg-size:cover;--awb-width-large:33.333333333333%;--awb-margin-top-large:30px;--awb-spacing-right-large:40px;--awb-margin-bottom-large:0px;--awb-spacing-left-large:40px;--awb-width-medium:40%;--awb-order-medium:0;--awb-spacing-right-medium:40px;--awb-spacing-left-medium:40px;--awb-width-small:100%;--awb-order-small:0;--awb-spacing-right-small:40px;--awb-spacing-left-small:40px;--awb-sticky-offset:70px;\" data-animationtype=\"fadeInUp\" data-animationduration=\"0.8\" data-animationoffset=\"top-into-view\" data-scroll-devices=\"small-visibility,medium-visibility,large-visibility\"><div class=\"fusion-column-wrapper lazyload fusion-column-has-shadow fusion-flex-justify-content-flex-start fusion-content-layout-column fusion-empty-column-bg-image fusion-column-has-bg-image\" data-bg-url=\"https:\/\/homecarenowllc.com\/wp-content\/uploads\/2024\/11\/WelcomeMain-img-2-300x212.jpg\" data-bg=\"https:\/\/homecarenowllc.com\/wp-content\/uploads\/2024\/11\/WelcomeMain-img-2-300x212.jpg\"><img decoding=\"async\" class=\"fusion-empty-dims-img-placeholder\" aria-label=\"WelcomeMain-img\" src=\"data:image\/svg+xml,%3Csvg%20xmlns%3D%27http%3A%2F%2Fwww.w3.org%2F2000%2Fsvg%27%20width%3D%27300%27%20height%3D%27212%27%20viewBox%3D%270%200%20300%20212%27%3E%3Crect%20width%3D%27300%27%20height%3D%27212%27%20fill-opacity%3D%220%22%2F%3E%3C%2Fsvg%3E\"><\/div><\/div><\/div><\/div>","protected":false},"excerpt":{"rendered":"","protected":false},"author":1,"featured_media":2766,"parent":0,"menu_order":0,"comment_status":"closed","ping_status":"closed","template":"100-width.php","meta":{"_coblocks_attr":"","_coblocks_dimensions":"","_coblocks_responsive_height":"","_coblocks_accordion_ie_support":"","footnotes":""},"class_list":["post-3094","page","type-page","status-publish","has-post-thumbnail","hentry"],"yoast_head":"<!-- This site is optimized with the Yoast SEO plugin v27.4 - https:\/\/yoast.com\/product\/yoast-seo-wordpress\/ -->\n<title>HHA Resources - Home Care Now LLC | Trusted Home Health Care Services in Boca Raton, FL<\/title>\n<meta name=\"description\" content=\"Find answers to common questions regarding home health care services. Discover information about our caregivers and payment options. Get the clarity you need today!\" \/>\n<meta name=\"robots\" content=\"index, follow, max-snippet:-1, max-image-preview:large, max-video-preview:-1\" \/>\n<link rel=\"canonical\" href=\"https:\/\/homecarenowllc.com\/es\/hharesources\/\" \/>\n<meta property=\"og:locale\" content=\"es_MX\" \/>\n<meta property=\"og:type\" content=\"article\" \/>\n<meta property=\"og:title\" content=\"HHA Resources - Home Care Now LLC | Trusted Home Health Care Services in Boca Raton, FL\" \/>\n<meta property=\"og:description\" content=\"Find answers to common questions regarding home health care services. Discover information about our caregivers and payment options. Get the clarity you need today!\" \/>\n<meta property=\"og:url\" content=\"https:\/\/homecarenowllc.com\/es\/hharesources\/\" \/>\n<meta property=\"og:site_name\" content=\"Home Care Now LLC | Trusted Home Health Care Services in Boca Raton, FL\" \/>\n<meta property=\"article:publisher\" content=\"https:\/\/www.facebook.com\/p\/Home-Care-Now-LLC-61552709235901\/\" \/>\n<meta property=\"article:modified_time\" content=\"2025-12-03T01:50:59+00:00\" \/>\n<meta property=\"og:image\" content=\"https:\/\/homecarenowllc.com\/wp-content\/uploads\/2025\/01\/FAQ-1024x536.png\" \/>\n\t<meta property=\"og:image:width\" content=\"1024\" \/>\n\t<meta property=\"og:image:height\" content=\"536\" \/>\n\t<meta property=\"og:image:type\" content=\"image\/png\" \/>\n<meta name=\"twitter:card\" content=\"summary_large_image\" \/>\n<meta name=\"twitter:label1\" content=\"Tiempo de lectura\" \/>\n\t<meta name=\"twitter:data1\" content=\"1 minuto\" \/>\n<script type=\"application\/ld+json\" class=\"yoast-schema-graph\">{\"@context\":\"https:\\\/\\\/schema.org\",\"@graph\":[{\"@type\":\"WebPage\",\"@id\":\"https:\\\/\\\/homecarenowllc.com\\\/hharesources\\\/\",\"url\":\"https:\\\/\\\/homecarenowllc.com\\\/hharesources\\\/\",\"name\":\"HHA Resources - Home Care Now LLC | Trusted Home Health Care Services in Boca Raton, FL\",\"isPartOf\":{\"@id\":\"https:\\\/\\\/homecarenowllc.com\\\/#website\"},\"primaryImageOfPage\":{\"@id\":\"https:\\\/\\\/homecarenowllc.com\\\/hharesources\\\/#primaryimage\"},\"image\":{\"@id\":\"https:\\\/\\\/homecarenowllc.com\\\/hharesources\\\/#primaryimage\"},\"thumbnailUrl\":\"https:\\\/\\\/homecarenowllc.com\\\/wp-content\\\/uploads\\\/2025\\\/01\\\/FAQ.png\",\"datePublished\":\"2025-12-03T01:05:09+00:00\",\"dateModified\":\"2025-12-03T01:50:59+00:00\",\"description\":\"Find answers to common questions regarding home health care services. Discover information about our caregivers and payment options. Get the clarity you need today!\",\"breadcrumb\":{\"@id\":\"https:\\\/\\\/homecarenowllc.com\\\/hharesources\\\/#breadcrumb\"},\"inLanguage\":\"es\",\"potentialAction\":[{\"@type\":\"ReadAction\",\"target\":[\"https:\\\/\\\/homecarenowllc.com\\\/hharesources\\\/\"]}]},{\"@type\":\"ImageObject\",\"inLanguage\":\"es\",\"@id\":\"https:\\\/\\\/homecarenowllc.com\\\/hharesources\\\/#primaryimage\",\"url\":\"https:\\\/\\\/homecarenowllc.com\\\/wp-content\\\/uploads\\\/2025\\\/01\\\/FAQ.png\",\"contentUrl\":\"https:\\\/\\\/homecarenowllc.com\\\/wp-content\\\/uploads\\\/2025\\\/01\\\/FAQ.png\",\"width\":1920,\"height\":1005},{\"@type\":\"BreadcrumbList\",\"@id\":\"https:\\\/\\\/homecarenowllc.com\\\/hharesources\\\/#breadcrumb\",\"itemListElement\":[{\"@type\":\"ListItem\",\"position\":1,\"name\":\"Home\",\"item\":\"https:\\\/\\\/homecarenowllc.com\\\/\"},{\"@type\":\"ListItem\",\"position\":2,\"name\":\"HHA Resources\"}]},{\"@type\":\"WebSite\",\"@id\":\"https:\\\/\\\/homecarenowllc.com\\\/#website\",\"url\":\"https:\\\/\\\/homecarenowllc.com\\\/\",\"name\":\"Homecarenowllc.com\",\"description\":\"Expert Care, Right at Home \u2013 Serving Boca Raton and Surrounding Areas\",\"publisher\":{\"@id\":\"https:\\\/\\\/homecarenowllc.com\\\/#organization\"},\"potentialAction\":[{\"@type\":\"SearchAction\",\"target\":{\"@type\":\"EntryPoint\",\"urlTemplate\":\"https:\\\/\\\/homecarenowllc.com\\\/?s={search_term_string}\"},\"query-input\":{\"@type\":\"PropertyValueSpecification\",\"valueRequired\":true,\"valueName\":\"search_term_string\"}}],\"inLanguage\":\"es\"},{\"@type\":\"Organization\",\"@id\":\"https:\\\/\\\/homecarenowllc.com\\\/#organization\",\"name\":\"Home Care Now LLC\",\"url\":\"https:\\\/\\\/homecarenowllc.com\\\/\",\"logo\":{\"@type\":\"ImageObject\",\"inLanguage\":\"es\",\"@id\":\"https:\\\/\\\/homecarenowllc.com\\\/#\\\/schema\\\/logo\\\/image\\\/\",\"url\":\"https:\\\/\\\/homecarenowllc.com\\\/wp-content\\\/uploads\\\/2025\\\/01\\\/Favicon-Logo.png\",\"contentUrl\":\"https:\\\/\\\/homecarenowllc.com\\\/wp-content\\\/uploads\\\/2025\\\/01\\\/Favicon-Logo.png\",\"width\":64,\"height\":64,\"caption\":\"Home Care Now LLC\"},\"image\":{\"@id\":\"https:\\\/\\\/homecarenowllc.com\\\/#\\\/schema\\\/logo\\\/image\\\/\"},\"sameAs\":[\"https:\\\/\\\/www.facebook.com\\\/p\\\/Home-Care-Now-LLC-61552709235901\\\/\"]}]}<\/script>\n<!-- \/ Yoast SEO plugin. -->","yoast_head_json":{"title":"HHA Resources - Home Care Now LLC | Trusted Home Health Care Services in Boca Raton, FL","description":"Find answers to common questions regarding home health care services. Discover information about our caregivers and payment options. Get the clarity you need today!","robots":{"index":"index","follow":"follow","max-snippet":"max-snippet:-1","max-image-preview":"max-image-preview:large","max-video-preview":"max-video-preview:-1"},"canonical":"https:\/\/homecarenowllc.com\/es\/hharesources\/","og_locale":"es_MX","og_type":"article","og_title":"HHA Resources - Home Care Now LLC | Trusted Home Health Care Services in Boca Raton, FL","og_description":"Find answers to common questions regarding home health care services. Discover information about our caregivers and payment options. Get the clarity you need today!","og_url":"https:\/\/homecarenowllc.com\/es\/hharesources\/","og_site_name":"Home Care Now LLC | Trusted Home Health Care Services in Boca Raton, FL","article_publisher":"https:\/\/www.facebook.com\/p\/Home-Care-Now-LLC-61552709235901\/","article_modified_time":"2025-12-03T01:50:59+00:00","og_image":[{"width":1024,"height":536,"url":"https:\/\/homecarenowllc.com\/wp-content\/uploads\/2025\/01\/FAQ-1024x536.png","type":"image\/png"}],"twitter_card":"summary_large_image","twitter_misc":{"Tiempo de lectura":"1 minuto"},"schema":{"@context":"https:\/\/schema.org","@graph":[{"@type":"WebPage","@id":"https:\/\/homecarenowllc.com\/hharesources\/","url":"https:\/\/homecarenowllc.com\/hharesources\/","name":"HHA Resources - Home Care Now LLC | Trusted Home Health Care Services in Boca Raton, FL","isPartOf":{"@id":"https:\/\/homecarenowllc.com\/#website"},"primaryImageOfPage":{"@id":"https:\/\/homecarenowllc.com\/hharesources\/#primaryimage"},"image":{"@id":"https:\/\/homecarenowllc.com\/hharesources\/#primaryimage"},"thumbnailUrl":"https:\/\/homecarenowllc.com\/wp-content\/uploads\/2025\/01\/FAQ.png","datePublished":"2025-12-03T01:05:09+00:00","dateModified":"2025-12-03T01:50:59+00:00","description":"Find answers to common questions regarding home health care services. Discover information about our caregivers and payment options. Get the clarity you need today!","breadcrumb":{"@id":"https:\/\/homecarenowllc.com\/hharesources\/#breadcrumb"},"inLanguage":"es","potentialAction":[{"@type":"ReadAction","target":["https:\/\/homecarenowllc.com\/hharesources\/"]}]},{"@type":"ImageObject","inLanguage":"es","@id":"https:\/\/homecarenowllc.com\/hharesources\/#primaryimage","url":"https:\/\/homecarenowllc.com\/wp-content\/uploads\/2025\/01\/FAQ.png","contentUrl":"https:\/\/homecarenowllc.com\/wp-content\/uploads\/2025\/01\/FAQ.png","width":1920,"height":1005},{"@type":"BreadcrumbList","@id":"https:\/\/homecarenowllc.com\/hharesources\/#breadcrumb","itemListElement":[{"@type":"ListItem","position":1,"name":"Home","item":"https:\/\/homecarenowllc.com\/"},{"@type":"ListItem","position":2,"name":"HHA Resources"}]},{"@type":"WebSite","@id":"https:\/\/homecarenowllc.com\/#website","url":"https:\/\/homecarenowllc.com\/","name":"Homecarenowllc.com","description":"Expert Care, Right at Home \u2013 Serving Boca Raton and Surrounding Areas","publisher":{"@id":"https:\/\/homecarenowllc.com\/#organization"},"potentialAction":[{"@type":"SearchAction","target":{"@type":"EntryPoint","urlTemplate":"https:\/\/homecarenowllc.com\/?s={search_term_string}"},"query-input":{"@type":"PropertyValueSpecification","valueRequired":true,"valueName":"search_term_string"}}],"inLanguage":"es"},{"@type":"Organization","@id":"https:\/\/homecarenowllc.com\/#organization","name":"Home Care Now LLC","url":"https:\/\/homecarenowllc.com\/","logo":{"@type":"ImageObject","inLanguage":"es","@id":"https:\/\/homecarenowllc.com\/#\/schema\/logo\/image\/","url":"https:\/\/homecarenowllc.com\/wp-content\/uploads\/2025\/01\/Favicon-Logo.png","contentUrl":"https:\/\/homecarenowllc.com\/wp-content\/uploads\/2025\/01\/Favicon-Logo.png","width":64,"height":64,"caption":"Home Care Now LLC"},"image":{"@id":"https:\/\/homecarenowllc.com\/#\/schema\/logo\/image\/"},"sameAs":["https:\/\/www.facebook.com\/p\/Home-Care-Now-LLC-61552709235901\/"]}]}},"_links":{"self":[{"href":"https:\/\/homecarenowllc.com\/es\/wp-json\/wp\/v2\/pages\/3094","targetHints":{"allow":["GET"]}}],"collection":[{"href":"https:\/\/homecarenowllc.com\/es\/wp-json\/wp\/v2\/pages"}],"about":[{"href":"https:\/\/homecarenowllc.com\/es\/wp-json\/wp\/v2\/types\/page"}],"author":[{"embeddable":true,"href":"https:\/\/homecarenowllc.com\/es\/wp-json\/wp\/v2\/users\/1"}],"replies":[{"embeddable":true,"href":"https:\/\/homecarenowllc.com\/es\/wp-json\/wp\/v2\/comments?post=3094"}],"version-history":[{"count":7,"href":"https:\/\/homecarenowllc.com\/es\/wp-json\/wp\/v2\/pages\/3094\/revisions"}],"predecessor-version":[{"id":3103,"href":"https:\/\/homecarenowllc.com\/es\/wp-json\/wp\/v2\/pages\/3094\/revisions\/3103"}],"wp:featuredmedia":[{"embeddable":true,"href":"https:\/\/homecarenowllc.com\/es\/wp-json\/wp\/v2\/media\/2766"}],"wp:attachment":[{"href":"https:\/\/homecarenowllc.com\/es\/wp-json\/wp\/v2\/media?parent=3094"}],"curies":[{"name":"wp","href":"https:\/\/api.w.org\/{rel}","templated":true}]}}